{"id":60,"date":"2025-11-10T20:16:47","date_gmt":"2025-11-11T02:16:47","guid":{"rendered":"https:\/\/xn--cdice-0ta.com\/?page_id=60"},"modified":"2025-11-11T14:59:14","modified_gmt":"2025-11-11T20:59:14","slug":"proyectos","status":"publish","type":"page","link":"https:\/\/xn--cdice-0ta.com\/en\/proyectos\/","title":{"rendered":"Proyectos"},"content":{"rendered":"<h3 class=\"wp-block-heading\">Propuesta de Patrimonio Cultural<\/h3>\n\n\n\n<p><strong>La m\u00fasica rupestre y ac\u00fastica en tianguis, mercados y colonias populares como medio de subsistencia<\/strong><\/p>\n\n\n\n<p>Este proyecto reconoce a la m\u00fasica rupestre y ac\u00fastica como una expresi\u00f3n viva del patrimonio cultural popular. A trav\u00e9s del estudio y registro de m\u00fasicos urbanos en tianguis y espacios comunitarios, buscamos visibilizar su papel en la construcci\u00f3n de identidad, resiliencia y econom\u00eda local. La propuesta promueve el reconocimiento institucional de estas pr\u00e1cticas como patrimonio inmaterial, destacando su valor social, art\u00edstico y educativo. Desde C\u00f3dice impulsamos esta iniciativa como un modelo de gesti\u00f3n cultural que conecta la creatividad con la sostenibilidad y el derecho a la cultura en contextos urbanos.<br><\/p>\n\n\n\n<div class=\"wp-block-buttons is-content-justification-center is-layout-flex wp-container-core-buttons-is-layout-a89b3969 wp-block-buttons-is-layout-flex\">\n<div class=\"wp-block-button\"><a class=\"wp-block-button__link wp-element-button\" href=\"https:\/\/xn--cdice-0ta.com\/en\/propuesta-de-patrimonio-cultural\/\">Saber +<\/a><\/div>\n<\/div>\n\n\n\n<p><\/p>","protected":false},"excerpt":{"rendered":"<p>Propuesta de Patrimonio Cultural La m\u00fasica rupestre y ac\u00fastica en tianguis, mercados y colonias populares como medio de subsistencia Este proyecto reconoce a la m\u00fasica rupestre y ac\u00fastica como una expresi\u00f3n viva del patrimonio cultural popular. A trav\u00e9s del estudio y registro de m\u00fasicos urbanos en tianguis y espacios comunitarios, buscamos visibilizar su papel en &hellip; <\/p>\n<p class=\"link-more\"><a href=\"https:\/\/xn--cdice-0ta.com\/en\/proyectos\/\" class=\"more-link\">Read more<span class=\"screen-reader-text\"> \u00abProyectos\u00bb<\/span><\/a><\/p>","protected":false},"author":1,"featured_media":0,"parent":0,"menu_order":0,"comment_status":"closed","ping_status":"closed","template":"","meta":{"_eb_attr":"","footnotes":""},"class_list":["post-60","page","type-page","status-publish","hentry"],"yoast_head":"<!-- This site is optimized with the Yoast SEO plugin v26.3 - https:\/\/yoast.com\/wordpress\/plugins\/seo\/ -->\n<title>Proyectos - C\u00f3dice<\/title>\n<meta name=\"robots\" content=\"index, follow, max-snippet:-1, max-image-preview:large, max-video-preview:-1\" \/>\n<link rel=\"canonical\" href=\"https:\/\/xn--cdice-0ta.com\/en\/proyectos\/\" \/>\n<meta property=\"og:locale\" content=\"en_US\" \/>\n<meta property=\"og:type\" content=\"article\" \/>\n<meta property=\"og:title\" content=\"Proyectos - C\u00f3dice\" \/>\n<meta property=\"og:description\" content=\"Propuesta de Patrimonio Cultural La m\u00fasica rupestre y ac\u00fastica en tianguis, mercados y colonias populares como medio de subsistencia Este proyecto reconoce a la m\u00fasica rupestre y ac\u00fastica como una expresi\u00f3n viva del patrimonio cultural popular. A trav\u00e9s del estudio y registro de m\u00fasicos urbanos en tianguis y espacios comunitarios, buscamos visibilizar su papel en &hellip; Read more &quot;Proyectos&quot;\" \/>\n<meta property=\"og:url\" content=\"https:\/\/xn--cdice-0ta.com\/en\/proyectos\/\" \/>\n<meta property=\"og:site_name\" content=\"C\u00f3dice\" \/>\n<meta property=\"article:modified_time\" content=\"2025-11-11T20:59:14+00:00\" \/>\n<meta name=\"twitter:card\" content=\"summary_large_image\" \/>\n<meta name=\"twitter:label1\" content=\"Est. reading time\" \/>\n\t<meta name=\"twitter:data1\" content=\"1 minute\" \/>\n<script type=\"application\/ld+json\" class=\"yoast-schema-graph\">{\"@context\":\"https:\/\/schema.org\",\"@graph\":[{\"@type\":\"WebPage\",\"@id\":\"https:\/\/xn--cdice-0ta.com\/proyectos\/\",\"url\":\"https:\/\/xn--cdice-0ta.com\/proyectos\/\",\"name\":\"Proyectos - C\u00f3dice\",\"isPartOf\":{\"@id\":\"https:\/\/xn--cdice-0ta.com\/#website\"},\"datePublished\":\"2025-11-11T02:16:47+00:00\",\"dateModified\":\"2025-11-11T20:59:14+00:00\",\"breadcrumb\":{\"@id\":\"https:\/\/xn--cdice-0ta.com\/proyectos\/#breadcrumb\"},\"inLanguage\":\"en-US\",\"potentialAction\":[{\"@type\":\"ReadAction\",\"target\":[\"https:\/\/xn--cdice-0ta.com\/proyectos\/\"]}]},{\"@type\":\"BreadcrumbList\",\"@id\":\"https:\/\/xn--cdice-0ta.com\/proyectos\/#breadcrumb\",\"itemListElement\":[{\"@type\":\"ListItem\",\"position\":1,\"name\":\"Portada\",\"item\":\"https:\/\/xn--cdice-0ta.com\/\"},{\"@type\":\"ListItem\",\"position\":2,\"name\":\"Proyectos\"}]},{\"@type\":\"WebSite\",\"@id\":\"https:\/\/xn--cdice-0ta.com\/#website\",\"url\":\"https:\/\/xn--cdice-0ta.com\/\",\"name\":\"C\u00d3DICE\",\"description\":\"Descifrando el futuro, hoy\",\"publisher\":{\"@id\":\"https:\/\/xn--cdice-0ta.com\/#organization\"},\"potentialAction\":[{\"@type\":\"SearchAction\",\"target\":{\"@type\":\"EntryPoint\",\"urlTemplate\":\"https:\/\/xn--cdice-0ta.com\/?s={search_term_string}\"},\"query-input\":{\"@type\":\"PropertyValueSpecification\",\"valueRequired\":true,\"valueName\":\"search_term_string\"}}],\"inLanguage\":\"en-US\"},{\"@type\":\"Organization\",\"@id\":\"https:\/\/xn--cdice-0ta.com\/#organization\",\"name\":\"C\u00d3DICE\",\"url\":\"https:\/\/xn--cdice-0ta.com\/\",\"logo\":{\"@type\":\"ImageObject\",\"inLanguage\":\"en-US\",\"@id\":\"https:\/\/xn--cdice-0ta.com\/#\/schema\/logo\/image\/\",\"url\":\"https:\/\/xn--cdice-0ta.com\/wp-content\/uploads\/2025\/11\/Co\u0301dice-color-logo.png\",\"contentUrl\":\"https:\/\/xn--cdice-0ta.com\/wp-content\/uploads\/2025\/11\/Co\u0301dice-color-logo.png\",\"width\":500,\"height\":500,\"caption\":\"C\u00d3DICE\"},\"image\":{\"@id\":\"https:\/\/xn--cdice-0ta.com\/#\/schema\/logo\/image\/\"}}]}<\/script>\n<!-- \/ Yoast SEO plugin. -->","yoast_head_json":{"title":"Proyectos - C\u00f3dice","robots":{"index":"index","follow":"follow","max-snippet":"max-snippet:-1","max-image-preview":"max-image-preview:large","max-video-preview":"max-video-preview:-1"},"canonical":"https:\/\/xn--cdice-0ta.com\/en\/proyectos\/","og_locale":"en_US","og_type":"article","og_title":"Proyectos - C\u00f3dice","og_description":"Propuesta de Patrimonio Cultural La m\u00fasica rupestre y ac\u00fastica en tianguis, mercados y colonias populares como medio de subsistencia Este proyecto reconoce a la m\u00fasica rupestre y ac\u00fastica como una expresi\u00f3n viva del patrimonio cultural popular. A trav\u00e9s del estudio y registro de m\u00fasicos urbanos en tianguis y espacios comunitarios, buscamos visibilizar su papel en &hellip; Read more \"Proyectos\"","og_url":"https:\/\/xn--cdice-0ta.com\/en\/proyectos\/","og_site_name":"C\u00f3dice","article_modified_time":"2025-11-11T20:59:14+00:00","twitter_card":"summary_large_image","twitter_misc":{"Est. reading time":"1 minute"},"schema":{"@context":"https:\/\/schema.org","@graph":[{"@type":"WebPage","@id":"https:\/\/xn--cdice-0ta.com\/proyectos\/","url":"https:\/\/xn--cdice-0ta.com\/proyectos\/","name":"Proyectos - C\u00f3dice","isPartOf":{"@id":"https:\/\/xn--cdice-0ta.com\/#website"},"datePublished":"2025-11-11T02:16:47+00:00","dateModified":"2025-11-11T20:59:14+00:00","breadcrumb":{"@id":"https:\/\/xn--cdice-0ta.com\/proyectos\/#breadcrumb"},"inLanguage":"en-US","potentialAction":[{"@type":"ReadAction","target":["https:\/\/xn--cdice-0ta.com\/proyectos\/"]}]},{"@type":"BreadcrumbList","@id":"https:\/\/xn--cdice-0ta.com\/proyectos\/#breadcrumb","itemListElement":[{"@type":"ListItem","position":1,"name":"Portada","item":"https:\/\/xn--cdice-0ta.com\/"},{"@type":"ListItem","position":2,"name":"Proyectos"}]},{"@type":"WebSite","@id":"https:\/\/xn--cdice-0ta.com\/#website","url":"https:\/\/xn--cdice-0ta.com\/","name":"C\u00d3DICE","description":"Descifrando el futuro, hoy","publisher":{"@id":"https:\/\/xn--cdice-0ta.com\/#organization"},"potentialAction":[{"@type":"SearchAction","target":{"@type":"EntryPoint","urlTemplate":"https:\/\/xn--cdice-0ta.com\/?s={search_term_string}"},"query-input":{"@type":"PropertyValueSpecification","valueRequired":true,"valueName":"search_term_string"}}],"inLanguage":"en-US"},{"@type":"Organization","@id":"https:\/\/xn--cdice-0ta.com\/#organization","name":"C\u00d3DICE","url":"https:\/\/xn--cdice-0ta.com\/","logo":{"@type":"ImageObject","inLanguage":"en-US","@id":"https:\/\/xn--cdice-0ta.com\/#\/schema\/logo\/image\/","url":"https:\/\/xn--cdice-0ta.com\/wp-content\/uploads\/2025\/11\/Co\u0301dice-color-logo.png","contentUrl":"https:\/\/xn--cdice-0ta.com\/wp-content\/uploads\/2025\/11\/Co\u0301dice-color-logo.png","width":500,"height":500,"caption":"C\u00d3DICE"},"image":{"@id":"https:\/\/xn--cdice-0ta.com\/#\/schema\/logo\/image\/"}}]}},"_links":{"self":[{"href":"https:\/\/xn--cdice-0ta.com\/en\/wp-json\/wp\/v2\/pages\/60","targetHints":{"allow":["GET"]}}],"collection":[{"href":"https:\/\/xn--cdice-0ta.com\/en\/wp-json\/wp\/v2\/pages"}],"about":[{"href":"https:\/\/xn--cdice-0ta.com\/en\/wp-json\/wp\/v2\/types\/page"}],"author":[{"embeddable":true,"href":"https:\/\/xn--cdice-0ta.com\/en\/wp-json\/wp\/v2\/users\/1"}],"replies":[{"embeddable":true,"href":"https:\/\/xn--cdice-0ta.com\/en\/wp-json\/wp\/v2\/comments?post=60"}],"version-history":[{"count":6,"href":"https:\/\/xn--cdice-0ta.com\/en\/wp-json\/wp\/v2\/pages\/60\/revisions"}],"predecessor-version":[{"id":88,"href":"https:\/\/xn--cdice-0ta.com\/en\/wp-json\/wp\/v2\/pages\/60\/revisions\/88"}],"wp:attachment":[{"href":"https:\/\/xn--cdice-0ta.com\/en\/wp-json\/wp\/v2\/media?parent=60"}],"curies":[{"name":"wp","href":"https:\/\/api.w.org\/{rel}","templated":true}]}}