{"id":58,"date":"2025-11-10T20:07:31","date_gmt":"2025-11-11T02:07:31","guid":{"rendered":"https:\/\/xn--cdice-0ta.com\/?page_id=58"},"modified":"2026-01-17T12:52:35","modified_gmt":"2026-01-17T18:52:35","slug":"nosotros","status":"publish","type":"page","link":"https:\/\/xn--cdice-0ta.com\/en\/nosotros\/","title":{"rendered":"Nosotros"},"content":{"rendered":"<p>En <strong>C\u00f3dice<\/strong>, creemos que las ideas pueden transformar territorios, comunidades y formas de vida.<br>Somos una <strong>agencia aut\u00f3noma de desarrollo cultural y sostenibilidad<\/strong>, dedicada a dise\u00f1ar, acompa\u00f1ar y comunicar proyectos que vinculan la creatividad con el bienestar social y ambiental.<\/p>\n\n\n\n<p>Nacimos del encuentro entre la investigaci\u00f3n, el arte y la gesti\u00f3n cultural. Nuestro trabajo busca fortalecer las pol\u00edticas p\u00fablicas, las pr\u00e1cticas comunitarias y las econom\u00edas creativas, desde una perspectiva colaborativa y sustentable.<\/p>\n\n\n\n<p>Trabajamos junto a instituciones, colectivos y empresas que entienden que la cultura no es un accesorio, sino una herramienta para la transformaci\u00f3n.<\/p>\n\n\n\n<p><strong>C\u00f3dice<\/strong> es el punto de uni\u00f3n entre la estrategia, la sensibilidad y la acci\u00f3n. Un espacio donde la innovaci\u00f3n se escribe con conciencia.<\/p>\n\n\n\n\n\n<div class=\"wp-block-buttons is-layout-flex wp-block-buttons-is-layout-flex\">\n<div class=\"wp-block-button\"><a class=\"wp-block-button__link wp-element-button\" href=\"https:\/\/xn--cdice-0ta.com\/en\/mision\/\">+ Misi\u00f3n<\/a><\/div>\n\n\n\n<div class=\"wp-block-button\"><a class=\"wp-block-button__link wp-element-button\" href=\"https:\/\/xn--cdice-0ta.com\/en\/vision\/\">+ Visi\u00f3n<\/a><\/div>\n\n\n\n<div class=\"wp-block-button\"><a class=\"wp-block-button__link wp-element-button\" href=\"https:\/\/xn--cdice-0ta.com\/en\/valores\/\">+ Valores<\/a><\/div>\n<\/div>\n\n\n\n<p><\/p>","protected":false},"excerpt":{"rendered":"<p>En C\u00f3dice, creemos que las ideas pueden transformar territorios, comunidades y formas de vida.Somos una agencia aut\u00f3noma de desarrollo cultural y sostenibilidad, dedicada a dise\u00f1ar, acompa\u00f1ar y comunicar proyectos que vinculan la creatividad con el bienestar social y ambiental. Nacimos del encuentro entre la investigaci\u00f3n, el arte y la gesti\u00f3n cultural. Nuestro trabajo busca fortalecer &hellip; <\/p>\n<p class=\"link-more\"><a href=\"https:\/\/xn--cdice-0ta.com\/en\/nosotros\/\" class=\"more-link\">Read more<span class=\"screen-reader-text\"> \u00abNosotros\u00bb<\/span><\/a><\/p>","protected":false},"author":1,"featured_media":0,"parent":0,"menu_order":0,"comment_status":"closed","ping_status":"closed","template":"","meta":{"_eb_attr":"","footnotes":""},"class_list":["post-58","page","type-page","status-publish","hentry"],"yoast_head":"<!-- This site is optimized with the Yoast SEO plugin v26.3 - https:\/\/yoast.com\/wordpress\/plugins\/seo\/ -->\n<title>Nosotros - C\u00f3dice<\/title>\n<meta name=\"robots\" content=\"index, follow, max-snippet:-1, max-image-preview:large, max-video-preview:-1\" \/>\n<link rel=\"canonical\" href=\"https:\/\/xn--cdice-0ta.com\/en\/nosotros\/\" \/>\n<meta property=\"og:locale\" content=\"en_US\" \/>\n<meta property=\"og:type\" content=\"article\" \/>\n<meta property=\"og:title\" content=\"Nosotros - C\u00f3dice\" \/>\n<meta property=\"og:description\" content=\"En C\u00f3dice, creemos que las ideas pueden transformar territorios, comunidades y formas de vida.Somos una agencia aut\u00f3noma de desarrollo cultural y sostenibilidad, dedicada a dise\u00f1ar, acompa\u00f1ar y comunicar proyectos que vinculan la creatividad con el bienestar social y ambiental. Nacimos del encuentro entre la investigaci\u00f3n, el arte y la gesti\u00f3n cultural. Nuestro trabajo busca fortalecer &hellip; Read more &quot;Nosotros&quot;\" \/>\n<meta property=\"og:url\" content=\"https:\/\/xn--cdice-0ta.com\/en\/nosotros\/\" \/>\n<meta property=\"og:site_name\" content=\"C\u00f3dice\" \/>\n<meta property=\"article:modified_time\" content=\"2026-01-17T18:52:35+00:00\" \/>\n<meta name=\"twitter:card\" content=\"summary_large_image\" \/>\n<meta name=\"twitter:label1\" content=\"Est. reading time\" \/>\n\t<meta name=\"twitter:data1\" content=\"1 minute\" \/>\n<script type=\"application\/ld+json\" class=\"yoast-schema-graph\">{\"@context\":\"https:\/\/schema.org\",\"@graph\":[{\"@type\":\"WebPage\",\"@id\":\"https:\/\/xn--cdice-0ta.com\/nosotros\/\",\"url\":\"https:\/\/xn--cdice-0ta.com\/nosotros\/\",\"name\":\"Nosotros - C\u00f3dice\",\"isPartOf\":{\"@id\":\"https:\/\/xn--cdice-0ta.com\/#website\"},\"datePublished\":\"2025-11-11T02:07:31+00:00\",\"dateModified\":\"2026-01-17T18:52:35+00:00\",\"breadcrumb\":{\"@id\":\"https:\/\/xn--cdice-0ta.com\/nosotros\/#breadcrumb\"},\"inLanguage\":\"en-US\",\"potentialAction\":[{\"@type\":\"ReadAction\",\"target\":[\"https:\/\/xn--cdice-0ta.com\/nosotros\/\"]}]},{\"@type\":\"BreadcrumbList\",\"@id\":\"https:\/\/xn--cdice-0ta.com\/nosotros\/#breadcrumb\",\"itemListElement\":[{\"@type\":\"ListItem\",\"position\":1,\"name\":\"Portada\",\"item\":\"https:\/\/xn--cdice-0ta.com\/\"},{\"@type\":\"ListItem\",\"position\":2,\"name\":\"Nosotros\"}]},{\"@type\":\"WebSite\",\"@id\":\"https:\/\/xn--cdice-0ta.com\/#website\",\"url\":\"https:\/\/xn--cdice-0ta.com\/\",\"name\":\"C\u00d3DICE\",\"description\":\"Descifrando el futuro, hoy\",\"publisher\":{\"@id\":\"https:\/\/xn--cdice-0ta.com\/#organization\"},\"potentialAction\":[{\"@type\":\"SearchAction\",\"target\":{\"@type\":\"EntryPoint\",\"urlTemplate\":\"https:\/\/xn--cdice-0ta.com\/?s={search_term_string}\"},\"query-input\":{\"@type\":\"PropertyValueSpecification\",\"valueRequired\":true,\"valueName\":\"search_term_string\"}}],\"inLanguage\":\"en-US\"},{\"@type\":\"Organization\",\"@id\":\"https:\/\/xn--cdice-0ta.com\/#organization\",\"name\":\"C\u00d3DICE\",\"url\":\"https:\/\/xn--cdice-0ta.com\/\",\"logo\":{\"@type\":\"ImageObject\",\"inLanguage\":\"en-US\",\"@id\":\"https:\/\/xn--cdice-0ta.com\/#\/schema\/logo\/image\/\",\"url\":\"https:\/\/xn--cdice-0ta.com\/wp-content\/uploads\/2025\/11\/Co\u0301dice-color-logo.png\",\"contentUrl\":\"https:\/\/xn--cdice-0ta.com\/wp-content\/uploads\/2025\/11\/Co\u0301dice-color-logo.png\",\"width\":500,\"height\":500,\"caption\":\"C\u00d3DICE\"},\"image\":{\"@id\":\"https:\/\/xn--cdice-0ta.com\/#\/schema\/logo\/image\/\"}}]}<\/script>\n<!-- \/ Yoast SEO plugin. -->","yoast_head_json":{"title":"Nosotros - C\u00f3dice","robots":{"index":"index","follow":"follow","max-snippet":"max-snippet:-1","max-image-preview":"max-image-preview:large","max-video-preview":"max-video-preview:-1"},"canonical":"https:\/\/xn--cdice-0ta.com\/en\/nosotros\/","og_locale":"en_US","og_type":"article","og_title":"Nosotros - C\u00f3dice","og_description":"En C\u00f3dice, creemos que las ideas pueden transformar territorios, comunidades y formas de vida.Somos una agencia aut\u00f3noma de desarrollo cultural y sostenibilidad, dedicada a dise\u00f1ar, acompa\u00f1ar y comunicar proyectos que vinculan la creatividad con el bienestar social y ambiental. Nacimos del encuentro entre la investigaci\u00f3n, el arte y la gesti\u00f3n cultural. Nuestro trabajo busca fortalecer &hellip; Read more \"Nosotros\"","og_url":"https:\/\/xn--cdice-0ta.com\/en\/nosotros\/","og_site_name":"C\u00f3dice","article_modified_time":"2026-01-17T18:52:35+00:00","twitter_card":"summary_large_image","twitter_misc":{"Est. reading time":"1 minute"},"schema":{"@context":"https:\/\/schema.org","@graph":[{"@type":"WebPage","@id":"https:\/\/xn--cdice-0ta.com\/nosotros\/","url":"https:\/\/xn--cdice-0ta.com\/nosotros\/","name":"Nosotros - C\u00f3dice","isPartOf":{"@id":"https:\/\/xn--cdice-0ta.com\/#website"},"datePublished":"2025-11-11T02:07:31+00:00","dateModified":"2026-01-17T18:52:35+00:00","breadcrumb":{"@id":"https:\/\/xn--cdice-0ta.com\/nosotros\/#breadcrumb"},"inLanguage":"en-US","potentialAction":[{"@type":"ReadAction","target":["https:\/\/xn--cdice-0ta.com\/nosotros\/"]}]},{"@type":"BreadcrumbList","@id":"https:\/\/xn--cdice-0ta.com\/nosotros\/#breadcrumb","itemListElement":[{"@type":"ListItem","position":1,"name":"Portada","item":"https:\/\/xn--cdice-0ta.com\/"},{"@type":"ListItem","position":2,"name":"Nosotros"}]},{"@type":"WebSite","@id":"https:\/\/xn--cdice-0ta.com\/#website","url":"https:\/\/xn--cdice-0ta.com\/","name":"C\u00d3DICE","description":"Descifrando el futuro, hoy","publisher":{"@id":"https:\/\/xn--cdice-0ta.com\/#organization"},"potentialAction":[{"@type":"SearchAction","target":{"@type":"EntryPoint","urlTemplate":"https:\/\/xn--cdice-0ta.com\/?s={search_term_string}"},"query-input":{"@type":"PropertyValueSpecification","valueRequired":true,"valueName":"search_term_string"}}],"inLanguage":"en-US"},{"@type":"Organization","@id":"https:\/\/xn--cdice-0ta.com\/#organization","name":"C\u00d3DICE","url":"https:\/\/xn--cdice-0ta.com\/","logo":{"@type":"ImageObject","inLanguage":"en-US","@id":"https:\/\/xn--cdice-0ta.com\/#\/schema\/logo\/image\/","url":"https:\/\/xn--cdice-0ta.com\/wp-content\/uploads\/2025\/11\/Co\u0301dice-color-logo.png","contentUrl":"https:\/\/xn--cdice-0ta.com\/wp-content\/uploads\/2025\/11\/Co\u0301dice-color-logo.png","width":500,"height":500,"caption":"C\u00d3DICE"},"image":{"@id":"https:\/\/xn--cdice-0ta.com\/#\/schema\/logo\/image\/"}}]}},"_links":{"self":[{"href":"https:\/\/xn--cdice-0ta.com\/en\/wp-json\/wp\/v2\/pages\/58","targetHints":{"allow":["GET"]}}],"collection":[{"href":"https:\/\/xn--cdice-0ta.com\/en\/wp-json\/wp\/v2\/pages"}],"about":[{"href":"https:\/\/xn--cdice-0ta.com\/en\/wp-json\/wp\/v2\/types\/page"}],"author":[{"embeddable":true,"href":"https:\/\/xn--cdice-0ta.com\/en\/wp-json\/wp\/v2\/users\/1"}],"replies":[{"embeddable":true,"href":"https:\/\/xn--cdice-0ta.com\/en\/wp-json\/wp\/v2\/comments?post=58"}],"version-history":[{"count":4,"href":"https:\/\/xn--cdice-0ta.com\/en\/wp-json\/wp\/v2\/pages\/58\/revisions"}],"predecessor-version":[{"id":140,"href":"https:\/\/xn--cdice-0ta.com\/en\/wp-json\/wp\/v2\/pages\/58\/revisions\/140"}],"wp:attachment":[{"href":"https:\/\/xn--cdice-0ta.com\/en\/wp-json\/wp\/v2\/media?parent=58"}],"curies":[{"name":"wp","href":"https:\/\/api.w.org\/{rel}","templated":true}]}}