{"id":128,"date":"2026-01-16T11:41:24","date_gmt":"2026-01-16T17:41:24","guid":{"rendered":"https:\/\/xn--cdice-0ta.com\/?page_id=128"},"modified":"2026-01-16T11:44:17","modified_gmt":"2026-01-16T17:44:17","slug":"valores","status":"publish","type":"page","link":"https:\/\/xn--cdice-0ta.com\/en\/valores\/","title":{"rendered":"Valores"},"content":{"rendered":"<p>En C\u00f3dice M\u00e9xico nuestros valores orientan cada decisi\u00f3n, proyecto y alianza estrat\u00e9gica. Constituyen la base \u00e9tica y operativa desde la cual impulsamos el <strong>Desarrollo Cultural<\/strong>, promovemos la <strong>Sostenibilidad<\/strong> y fortalecemos la <strong>Econom\u00eda Creativa<\/strong> como motores de transformaci\u00f3n social. Creemos en una <strong>innovaci\u00f3n cultural<\/strong> que integra conocimiento, territorio y tecnolog\u00eda; en una <strong>econom\u00eda social y creativa<\/strong> que genera bienestar colectivo; y en una <strong>gesti\u00f3n cultural sostenible<\/strong> que asegura coherencia, impacto y continuidad. Estos principios gu\u00edan nuestra manera de dise\u00f1ar procesos formativos, producir contenidos, activar comunidades y construir redes de colaboraci\u00f3n con instituciones, colectivos y agentes culturales, siempre con una visi\u00f3n de largo plazo, inclusi\u00f3n, corresponsabilidad y compromiso con el bien com\u00fan.<\/p>\n\n\n\n<p><strong>1. Desarrollo Cultural<\/strong><br>Creemos en la cultura como un derecho, un bien com\u00fan y un motor de transformaci\u00f3n social. Impulsamos procesos de creaci\u00f3n, formaci\u00f3n y circulaci\u00f3n de saberes que fortalecen identidades, pensamiento cr\u00edtico y participaci\u00f3n ciudadana.<\/p>\n\n\n\n<p><strong>2. Sostenibilidad<\/strong><br>Actuamos con responsabilidad ambiental, social y econ\u00f3mica, promoviendo pr\u00e1cticas regenerativas, uso consciente de recursos y modelos de largo plazo que aseguren el bienestar colectivo y territorial.<\/p>\n\n\n\n<p><strong>3. Econom\u00eda Creativa<\/strong><br>Fomentamos la producci\u00f3n cultural como una fuente de valor simb\u00f3lico, social y econ\u00f3mico, fortaleciendo emprendimientos, cadenas locales y modelos de <strong>econom\u00eda social y creativa<\/strong> con impacto positivo.<br><br><strong>4. Innovaci\u00f3n cultural<\/strong><br>Exploramos nuevas metodolog\u00edas, tecnolog\u00edas y narrativas para generar soluciones colaborativas a los retos contempor\u00e1neos, integrando ciencia, arte y comunidad.<\/p>\n\n\n\n<p><strong>5. Inclusi\u00f3n y diversidad<\/strong><br>Promovemos el respeto, la equidad, el di\u00e1logo intercultural y la participaci\u00f3n de m\u00faltiples voces en todos nuestros procesos.<\/p>\n\n\n\n<p><strong>6. Colaboraci\u00f3n y redes<\/strong><br>Trabajamos de forma horizontal con colectivos, instituciones y territorios para fortalecer ecosistemas culturales abiertos y solidarios.<\/p>\n\n\n\n<p><strong>7. Gesti\u00f3n cultural sostenible<\/strong><br>Dise\u00f1amos proyectos con planeaci\u00f3n estrat\u00e9gica, transparencia, medici\u00f3n de impacto y mejora continua, garantizando coherencia entre prop\u00f3sito, operaci\u00f3n y resultados.<\/p>\n\n\n\n<div class=\"wp-block-buttons is-layout-flex wp-block-buttons-is-layout-flex\">\n<div class=\"wp-block-button\"><a class=\"wp-block-button__link wp-element-button\" href=\"https:\/\/xn--cdice-0ta.com\/en\/mision\/\">Misi\u00f3n<\/a><\/div>\n\n\n\n<div class=\"wp-block-button\"><a class=\"wp-block-button__link wp-element-button\" href=\"https:\/\/xn--cdice-0ta.com\/en\/vision\/\">Visi\u00f3n<\/a><\/div>\n<\/div>\n\n\n\n<p><\/p>","protected":false},"excerpt":{"rendered":"<p>En C\u00f3dice M\u00e9xico nuestros valores orientan cada decisi\u00f3n, proyecto y alianza estrat\u00e9gica. Constituyen la base \u00e9tica y operativa desde la cual impulsamos el Desarrollo Cultural, promovemos la Sostenibilidad y fortalecemos la Econom\u00eda Creativa como motores de transformaci\u00f3n social. Creemos en una innovaci\u00f3n cultural que integra conocimiento, territorio y tecnolog\u00eda; en una econom\u00eda social y creativa &hellip; <\/p>\n<p class=\"link-more\"><a href=\"https:\/\/xn--cdice-0ta.com\/en\/valores\/\" class=\"more-link\">Read more<span class=\"screen-reader-text\"> \u00abValores\u00bb<\/span><\/a><\/p>","protected":false},"author":1,"featured_media":0,"parent":0,"menu_order":0,"comment_status":"closed","ping_status":"closed","template":"","meta":{"_eb_attr":"","footnotes":""},"class_list":["post-128","page","type-page","status-publish","hentry"],"yoast_head":"<!-- This site is optimized with the Yoast SEO plugin v26.3 - https:\/\/yoast.com\/wordpress\/plugins\/seo\/ -->\n<title>Valores - C\u00f3dice<\/title>\n<meta name=\"description\" content=\"Creemos en una innovaci\u00f3n cultural que integra conocimiento, territorio y tecnolog\u00eda; en una econom\u00eda social y creativa que genera bienestar colectivo; y en una gesti\u00f3n cultural sostenible que asegura coherencia, impacto y continuidad.\" \/>\n<meta name=\"robots\" content=\"index, follow, max-snippet:-1, max-image-preview:large, max-video-preview:-1\" \/>\n<link rel=\"canonical\" href=\"https:\/\/xn--cdice-0ta.com\/en\/valores\/\" \/>\n<meta property=\"og:locale\" content=\"en_US\" \/>\n<meta property=\"og:type\" content=\"article\" \/>\n<meta property=\"og:title\" content=\"Valores - C\u00f3dice\" \/>\n<meta property=\"og:description\" content=\"Creemos en una innovaci\u00f3n cultural que integra conocimiento, territorio y tecnolog\u00eda; en una econom\u00eda social y creativa que genera bienestar colectivo; y en una gesti\u00f3n cultural sostenible que asegura coherencia, impacto y continuidad.\" \/>\n<meta property=\"og:url\" content=\"https:\/\/xn--cdice-0ta.com\/en\/valores\/\" \/>\n<meta property=\"og:site_name\" content=\"C\u00f3dice\" \/>\n<meta property=\"article:modified_time\" content=\"2026-01-16T17:44:17+00:00\" \/>\n<meta name=\"twitter:card\" content=\"summary_large_image\" \/>\n<meta name=\"twitter:label1\" content=\"Est. reading time\" \/>\n\t<meta name=\"twitter:data1\" content=\"2 minutes\" \/>\n<script type=\"application\/ld+json\" class=\"yoast-schema-graph\">{\"@context\":\"https:\/\/schema.org\",\"@graph\":[{\"@type\":\"WebPage\",\"@id\":\"https:\/\/xn--cdice-0ta.com\/valores\/\",\"url\":\"https:\/\/xn--cdice-0ta.com\/valores\/\",\"name\":\"Valores - C\u00f3dice\",\"isPartOf\":{\"@id\":\"https:\/\/xn--cdice-0ta.com\/#website\"},\"datePublished\":\"2026-01-16T17:41:24+00:00\",\"dateModified\":\"2026-01-16T17:44:17+00:00\",\"description\":\"Creemos en una innovaci\u00f3n cultural que integra conocimiento, territorio y tecnolog\u00eda; en una econom\u00eda social y creativa que genera bienestar colectivo; y en una gesti\u00f3n cultural sostenible que asegura coherencia, impacto y continuidad.\",\"breadcrumb\":{\"@id\":\"https:\/\/xn--cdice-0ta.com\/valores\/#breadcrumb\"},\"inLanguage\":\"en-US\",\"potentialAction\":[{\"@type\":\"ReadAction\",\"target\":[\"https:\/\/xn--cdice-0ta.com\/valores\/\"]}]},{\"@type\":\"BreadcrumbList\",\"@id\":\"https:\/\/xn--cdice-0ta.com\/valores\/#breadcrumb\",\"itemListElement\":[{\"@type\":\"ListItem\",\"position\":1,\"name\":\"Portada\",\"item\":\"https:\/\/xn--cdice-0ta.com\/\"},{\"@type\":\"ListItem\",\"position\":2,\"name\":\"Valores\"}]},{\"@type\":\"WebSite\",\"@id\":\"https:\/\/xn--cdice-0ta.com\/#website\",\"url\":\"https:\/\/xn--cdice-0ta.com\/\",\"name\":\"C\u00d3DICE\",\"description\":\"Descifrando el futuro, hoy\",\"publisher\":{\"@id\":\"https:\/\/xn--cdice-0ta.com\/#organization\"},\"potentialAction\":[{\"@type\":\"SearchAction\",\"target\":{\"@type\":\"EntryPoint\",\"urlTemplate\":\"https:\/\/xn--cdice-0ta.com\/?s={search_term_string}\"},\"query-input\":{\"@type\":\"PropertyValueSpecification\",\"valueRequired\":true,\"valueName\":\"search_term_string\"}}],\"inLanguage\":\"en-US\"},{\"@type\":\"Organization\",\"@id\":\"https:\/\/xn--cdice-0ta.com\/#organization\",\"name\":\"C\u00d3DICE\",\"url\":\"https:\/\/xn--cdice-0ta.com\/\",\"logo\":{\"@type\":\"ImageObject\",\"inLanguage\":\"en-US\",\"@id\":\"https:\/\/xn--cdice-0ta.com\/#\/schema\/logo\/image\/\",\"url\":\"https:\/\/xn--cdice-0ta.com\/wp-content\/uploads\/2025\/11\/Co\u0301dice-color-logo.png\",\"contentUrl\":\"https:\/\/xn--cdice-0ta.com\/wp-content\/uploads\/2025\/11\/Co\u0301dice-color-logo.png\",\"width\":500,\"height\":500,\"caption\":\"C\u00d3DICE\"},\"image\":{\"@id\":\"https:\/\/xn--cdice-0ta.com\/#\/schema\/logo\/image\/\"}}]}<\/script>\n<!-- \/ Yoast SEO plugin. -->","yoast_head_json":{"title":"Valores - C\u00f3dice","description":"Creemos en una innovaci\u00f3n cultural que integra conocimiento, territorio y tecnolog\u00eda; en una econom\u00eda social y creativa que genera bienestar colectivo; y en una gesti\u00f3n cultural sostenible que asegura coherencia, impacto y continuidad.","robots":{"index":"index","follow":"follow","max-snippet":"max-snippet:-1","max-image-preview":"max-image-preview:large","max-video-preview":"max-video-preview:-1"},"canonical":"https:\/\/xn--cdice-0ta.com\/en\/valores\/","og_locale":"en_US","og_type":"article","og_title":"Valores - C\u00f3dice","og_description":"Creemos en una innovaci\u00f3n cultural que integra conocimiento, territorio y tecnolog\u00eda; en una econom\u00eda social y creativa que genera bienestar colectivo; y en una gesti\u00f3n cultural sostenible que asegura coherencia, impacto y continuidad.","og_url":"https:\/\/xn--cdice-0ta.com\/en\/valores\/","og_site_name":"C\u00f3dice","article_modified_time":"2026-01-16T17:44:17+00:00","twitter_card":"summary_large_image","twitter_misc":{"Est. reading time":"2 minutes"},"schema":{"@context":"https:\/\/schema.org","@graph":[{"@type":"WebPage","@id":"https:\/\/xn--cdice-0ta.com\/valores\/","url":"https:\/\/xn--cdice-0ta.com\/valores\/","name":"Valores - C\u00f3dice","isPartOf":{"@id":"https:\/\/xn--cdice-0ta.com\/#website"},"datePublished":"2026-01-16T17:41:24+00:00","dateModified":"2026-01-16T17:44:17+00:00","description":"Creemos en una innovaci\u00f3n cultural que integra conocimiento, territorio y tecnolog\u00eda; en una econom\u00eda social y creativa que genera bienestar colectivo; y en una gesti\u00f3n cultural sostenible que asegura coherencia, impacto y continuidad.","breadcrumb":{"@id":"https:\/\/xn--cdice-0ta.com\/valores\/#breadcrumb"},"inLanguage":"en-US","potentialAction":[{"@type":"ReadAction","target":["https:\/\/xn--cdice-0ta.com\/valores\/"]}]},{"@type":"BreadcrumbList","@id":"https:\/\/xn--cdice-0ta.com\/valores\/#breadcrumb","itemListElement":[{"@type":"ListItem","position":1,"name":"Portada","item":"https:\/\/xn--cdice-0ta.com\/"},{"@type":"ListItem","position":2,"name":"Valores"}]},{"@type":"WebSite","@id":"https:\/\/xn--cdice-0ta.com\/#website","url":"https:\/\/xn--cdice-0ta.com\/","name":"C\u00d3DICE","description":"Descifrando el futuro, hoy","publisher":{"@id":"https:\/\/xn--cdice-0ta.com\/#organization"},"potentialAction":[{"@type":"SearchAction","target":{"@type":"EntryPoint","urlTemplate":"https:\/\/xn--cdice-0ta.com\/?s={search_term_string}"},"query-input":{"@type":"PropertyValueSpecification","valueRequired":true,"valueName":"search_term_string"}}],"inLanguage":"en-US"},{"@type":"Organization","@id":"https:\/\/xn--cdice-0ta.com\/#organization","name":"C\u00d3DICE","url":"https:\/\/xn--cdice-0ta.com\/","logo":{"@type":"ImageObject","inLanguage":"en-US","@id":"https:\/\/xn--cdice-0ta.com\/#\/schema\/logo\/image\/","url":"https:\/\/xn--cdice-0ta.com\/wp-content\/uploads\/2025\/11\/Co\u0301dice-color-logo.png","contentUrl":"https:\/\/xn--cdice-0ta.com\/wp-content\/uploads\/2025\/11\/Co\u0301dice-color-logo.png","width":500,"height":500,"caption":"C\u00d3DICE"},"image":{"@id":"https:\/\/xn--cdice-0ta.com\/#\/schema\/logo\/image\/"}}]}},"_links":{"self":[{"href":"https:\/\/xn--cdice-0ta.com\/en\/wp-json\/wp\/v2\/pages\/128","targetHints":{"allow":["GET"]}}],"collection":[{"href":"https:\/\/xn--cdice-0ta.com\/en\/wp-json\/wp\/v2\/pages"}],"about":[{"href":"https:\/\/xn--cdice-0ta.com\/en\/wp-json\/wp\/v2\/types\/page"}],"author":[{"embeddable":true,"href":"https:\/\/xn--cdice-0ta.com\/en\/wp-json\/wp\/v2\/users\/1"}],"replies":[{"embeddable":true,"href":"https:\/\/xn--cdice-0ta.com\/en\/wp-json\/wp\/v2\/comments?post=128"}],"version-history":[{"count":2,"href":"https:\/\/xn--cdice-0ta.com\/en\/wp-json\/wp\/v2\/pages\/128\/revisions"}],"predecessor-version":[{"id":130,"href":"https:\/\/xn--cdice-0ta.com\/en\/wp-json\/wp\/v2\/pages\/128\/revisions\/130"}],"wp:attachment":[{"href":"https:\/\/xn--cdice-0ta.com\/en\/wp-json\/wp\/v2\/media?parent=128"}],"curies":[{"name":"wp","href":"https:\/\/api.w.org\/{rel}","templated":true}]}}