{"id":126,"date":"2026-01-16T11:33:56","date_gmt":"2026-01-16T17:33:56","guid":{"rendered":"https:\/\/xn--cdice-0ta.com\/?page_id=126"},"modified":"2026-01-16T11:48:35","modified_gmt":"2026-01-16T17:48:35","slug":"vision","status":"publish","type":"page","link":"https:\/\/xn--cdice-0ta.com\/en\/vision\/","title":{"rendered":"Visi\u00f3n"},"content":{"rendered":"<p>Ser una plataforma referente en Am\u00e9rica Latina en <strong>innovaci\u00f3n cultural<\/strong>, articulando el <strong>Desarrollo Cultural<\/strong> con modelos de <strong>Sostenibilidad<\/strong> y <strong>Econom\u00eda Creativa<\/strong> que fortalezcan comunidades, impulsen la ciudadan\u00eda activa y generen impacto social medible. Visualizamos territorios donde la cultura, la ciencia, la tecnolog\u00eda y el arte dialogan para crear soluciones colaborativas frente a los desaf\u00edos del siglo XXI: justicia social, transici\u00f3n ecol\u00f3gica, acceso al conocimiento y transformaci\u00f3n digital inclusiva. Aspiramos a consolidar un ecosistema abierto de formaci\u00f3n, producci\u00f3n y circulaci\u00f3n de contenidos culturales que estimule el pensamiento cr\u00edtico, la diversidad, la memoria colectiva y el emprendimiento creativo. Buscamos incidir en pol\u00edticas p\u00fablicas, pr\u00e1cticas educativas y modelos productivos que reconozcan el valor estrat\u00e9gico de la cultura como motor de bienestar, cohesi\u00f3n social y desarrollo sostenible. C\u00f3dice M\u00e9xico proyecta un futuro donde las personas y las comunidades son protagonistas de su propio desarrollo, capaces de dise\u00f1ar narrativas, econom\u00edas y tecnolog\u00edas al servicio de la vida, la equidad y la responsabilidad planetaria.<\/p>\n\n\n\n<div class=\"wp-block-buttons is-layout-flex wp-block-buttons-is-layout-flex\">\n<div class=\"wp-block-button\"><a class=\"wp-block-button__link wp-element-button\" href=\"https:\/\/xn--cdice-0ta.com\/en\/mision\/\">Misi\u00f3n<\/a><\/div>\n\n\n\n<div class=\"wp-block-button\"><a class=\"wp-block-button__link wp-element-button\" href=\"https:\/\/xn--cdice-0ta.com\/en\/valores\/\">Valores<\/a><\/div>\n<\/div>\n\n\n\n<p><\/p>","protected":false},"excerpt":{"rendered":"<p>Ser una plataforma referente en Am\u00e9rica Latina en innovaci\u00f3n cultural, articulando el Desarrollo Cultural con modelos de Sostenibilidad y Econom\u00eda Creativa que fortalezcan comunidades, impulsen la ciudadan\u00eda activa y generen impacto social medible. Visualizamos territorios donde la cultura, la ciencia, la tecnolog\u00eda y el arte dialogan para crear soluciones colaborativas frente a los desaf\u00edos del &hellip; <\/p>\n<p class=\"link-more\"><a href=\"https:\/\/xn--cdice-0ta.com\/en\/vision\/\" class=\"more-link\">Read more<span class=\"screen-reader-text\"> \u00abVisi\u00f3n\u00bb<\/span><\/a><\/p>","protected":false},"author":1,"featured_media":0,"parent":0,"menu_order":0,"comment_status":"closed","ping_status":"closed","template":"","meta":{"_eb_attr":"","footnotes":""},"class_list":["post-126","page","type-page","status-publish","hentry"],"yoast_head":"<!-- This site is optimized with the Yoast SEO plugin v26.3 - https:\/\/yoast.com\/wordpress\/plugins\/seo\/ -->\n<title>Visi\u00f3n - C\u00f3dice<\/title>\n<meta name=\"description\" content=\"Visualizamos territorios donde la cultura, la ciencia, la tecnolog\u00eda y el arte dialogan para crear soluciones colaborativas frente a los desaf\u00edos del siglo XXI: justicia social, transici\u00f3n ecol\u00f3gica, acceso al conocimiento y transformaci\u00f3n digital inclusiva.\" \/>\n<meta name=\"robots\" content=\"index, follow, max-snippet:-1, max-image-preview:large, max-video-preview:-1\" \/>\n<link rel=\"canonical\" href=\"https:\/\/xn--cdice-0ta.com\/en\/vision\/\" \/>\n<meta property=\"og:locale\" content=\"en_US\" \/>\n<meta property=\"og:type\" content=\"article\" \/>\n<meta property=\"og:title\" content=\"Visi\u00f3n - C\u00f3dice\" \/>\n<meta property=\"og:description\" content=\"Visualizamos territorios donde la cultura, la ciencia, la tecnolog\u00eda y el arte dialogan para crear soluciones colaborativas frente a los desaf\u00edos del siglo XXI: justicia social, transici\u00f3n ecol\u00f3gica, acceso al conocimiento y transformaci\u00f3n digital inclusiva.\" \/>\n<meta property=\"og:url\" content=\"https:\/\/xn--cdice-0ta.com\/en\/vision\/\" \/>\n<meta property=\"og:site_name\" content=\"C\u00f3dice\" \/>\n<meta property=\"article:modified_time\" content=\"2026-01-16T17:48:35+00:00\" \/>\n<meta name=\"twitter:card\" content=\"summary_large_image\" \/>\n<meta name=\"twitter:label1\" content=\"Est. reading time\" \/>\n\t<meta name=\"twitter:data1\" content=\"1 minute\" \/>\n<script type=\"application\/ld+json\" class=\"yoast-schema-graph\">{\"@context\":\"https:\/\/schema.org\",\"@graph\":[{\"@type\":\"WebPage\",\"@id\":\"https:\/\/xn--cdice-0ta.com\/vision\/\",\"url\":\"https:\/\/xn--cdice-0ta.com\/vision\/\",\"name\":\"Visi\u00f3n - C\u00f3dice\",\"isPartOf\":{\"@id\":\"https:\/\/xn--cdice-0ta.com\/#website\"},\"datePublished\":\"2026-01-16T17:33:56+00:00\",\"dateModified\":\"2026-01-16T17:48:35+00:00\",\"description\":\"Visualizamos territorios donde la cultura, la ciencia, la tecnolog\u00eda y el arte dialogan para crear soluciones colaborativas frente a los desaf\u00edos del siglo XXI: justicia social, transici\u00f3n ecol\u00f3gica, acceso al conocimiento y transformaci\u00f3n digital inclusiva.\",\"breadcrumb\":{\"@id\":\"https:\/\/xn--cdice-0ta.com\/vision\/#breadcrumb\"},\"inLanguage\":\"en-US\",\"potentialAction\":[{\"@type\":\"ReadAction\",\"target\":[\"https:\/\/xn--cdice-0ta.com\/vision\/\"]}]},{\"@type\":\"BreadcrumbList\",\"@id\":\"https:\/\/xn--cdice-0ta.com\/vision\/#breadcrumb\",\"itemListElement\":[{\"@type\":\"ListItem\",\"position\":1,\"name\":\"Portada\",\"item\":\"https:\/\/xn--cdice-0ta.com\/\"},{\"@type\":\"ListItem\",\"position\":2,\"name\":\"Visi\u00f3n\"}]},{\"@type\":\"WebSite\",\"@id\":\"https:\/\/xn--cdice-0ta.com\/#website\",\"url\":\"https:\/\/xn--cdice-0ta.com\/\",\"name\":\"C\u00d3DICE\",\"description\":\"Descifrando el futuro, hoy\",\"publisher\":{\"@id\":\"https:\/\/xn--cdice-0ta.com\/#organization\"},\"potentialAction\":[{\"@type\":\"SearchAction\",\"target\":{\"@type\":\"EntryPoint\",\"urlTemplate\":\"https:\/\/xn--cdice-0ta.com\/?s={search_term_string}\"},\"query-input\":{\"@type\":\"PropertyValueSpecification\",\"valueRequired\":true,\"valueName\":\"search_term_string\"}}],\"inLanguage\":\"en-US\"},{\"@type\":\"Organization\",\"@id\":\"https:\/\/xn--cdice-0ta.com\/#organization\",\"name\":\"C\u00d3DICE\",\"url\":\"https:\/\/xn--cdice-0ta.com\/\",\"logo\":{\"@type\":\"ImageObject\",\"inLanguage\":\"en-US\",\"@id\":\"https:\/\/xn--cdice-0ta.com\/#\/schema\/logo\/image\/\",\"url\":\"https:\/\/xn--cdice-0ta.com\/wp-content\/uploads\/2025\/11\/Co\u0301dice-color-logo.png\",\"contentUrl\":\"https:\/\/xn--cdice-0ta.com\/wp-content\/uploads\/2025\/11\/Co\u0301dice-color-logo.png\",\"width\":500,\"height\":500,\"caption\":\"C\u00d3DICE\"},\"image\":{\"@id\":\"https:\/\/xn--cdice-0ta.com\/#\/schema\/logo\/image\/\"}}]}<\/script>\n<!-- \/ Yoast SEO plugin. -->","yoast_head_json":{"title":"Visi\u00f3n - C\u00f3dice","description":"Visualizamos territorios donde la cultura, la ciencia, la tecnolog\u00eda y el arte dialogan para crear soluciones colaborativas frente a los desaf\u00edos del siglo XXI: justicia social, transici\u00f3n ecol\u00f3gica, acceso al conocimiento y transformaci\u00f3n digital inclusiva.","robots":{"index":"index","follow":"follow","max-snippet":"max-snippet:-1","max-image-preview":"max-image-preview:large","max-video-preview":"max-video-preview:-1"},"canonical":"https:\/\/xn--cdice-0ta.com\/en\/vision\/","og_locale":"en_US","og_type":"article","og_title":"Visi\u00f3n - C\u00f3dice","og_description":"Visualizamos territorios donde la cultura, la ciencia, la tecnolog\u00eda y el arte dialogan para crear soluciones colaborativas frente a los desaf\u00edos del siglo XXI: justicia social, transici\u00f3n ecol\u00f3gica, acceso al conocimiento y transformaci\u00f3n digital inclusiva.","og_url":"https:\/\/xn--cdice-0ta.com\/en\/vision\/","og_site_name":"C\u00f3dice","article_modified_time":"2026-01-16T17:48:35+00:00","twitter_card":"summary_large_image","twitter_misc":{"Est. reading time":"1 minute"},"schema":{"@context":"https:\/\/schema.org","@graph":[{"@type":"WebPage","@id":"https:\/\/xn--cdice-0ta.com\/vision\/","url":"https:\/\/xn--cdice-0ta.com\/vision\/","name":"Visi\u00f3n - C\u00f3dice","isPartOf":{"@id":"https:\/\/xn--cdice-0ta.com\/#website"},"datePublished":"2026-01-16T17:33:56+00:00","dateModified":"2026-01-16T17:48:35+00:00","description":"Visualizamos territorios donde la cultura, la ciencia, la tecnolog\u00eda y el arte dialogan para crear soluciones colaborativas frente a los desaf\u00edos del siglo XXI: justicia social, transici\u00f3n ecol\u00f3gica, acceso al conocimiento y transformaci\u00f3n digital inclusiva.","breadcrumb":{"@id":"https:\/\/xn--cdice-0ta.com\/vision\/#breadcrumb"},"inLanguage":"en-US","potentialAction":[{"@type":"ReadAction","target":["https:\/\/xn--cdice-0ta.com\/vision\/"]}]},{"@type":"BreadcrumbList","@id":"https:\/\/xn--cdice-0ta.com\/vision\/#breadcrumb","itemListElement":[{"@type":"ListItem","position":1,"name":"Portada","item":"https:\/\/xn--cdice-0ta.com\/"},{"@type":"ListItem","position":2,"name":"Visi\u00f3n"}]},{"@type":"WebSite","@id":"https:\/\/xn--cdice-0ta.com\/#website","url":"https:\/\/xn--cdice-0ta.com\/","name":"C\u00d3DICE","description":"Descifrando el futuro, hoy","publisher":{"@id":"https:\/\/xn--cdice-0ta.com\/#organization"},"potentialAction":[{"@type":"SearchAction","target":{"@type":"EntryPoint","urlTemplate":"https:\/\/xn--cdice-0ta.com\/?s={search_term_string}"},"query-input":{"@type":"PropertyValueSpecification","valueRequired":true,"valueName":"search_term_string"}}],"inLanguage":"en-US"},{"@type":"Organization","@id":"https:\/\/xn--cdice-0ta.com\/#organization","name":"C\u00d3DICE","url":"https:\/\/xn--cdice-0ta.com\/","logo":{"@type":"ImageObject","inLanguage":"en-US","@id":"https:\/\/xn--cdice-0ta.com\/#\/schema\/logo\/image\/","url":"https:\/\/xn--cdice-0ta.com\/wp-content\/uploads\/2025\/11\/Co\u0301dice-color-logo.png","contentUrl":"https:\/\/xn--cdice-0ta.com\/wp-content\/uploads\/2025\/11\/Co\u0301dice-color-logo.png","width":500,"height":500,"caption":"C\u00d3DICE"},"image":{"@id":"https:\/\/xn--cdice-0ta.com\/#\/schema\/logo\/image\/"}}]}},"_links":{"self":[{"href":"https:\/\/xn--cdice-0ta.com\/en\/wp-json\/wp\/v2\/pages\/126","targetHints":{"allow":["GET"]}}],"collection":[{"href":"https:\/\/xn--cdice-0ta.com\/en\/wp-json\/wp\/v2\/pages"}],"about":[{"href":"https:\/\/xn--cdice-0ta.com\/en\/wp-json\/wp\/v2\/types\/page"}],"author":[{"embeddable":true,"href":"https:\/\/xn--cdice-0ta.com\/en\/wp-json\/wp\/v2\/users\/1"}],"replies":[{"embeddable":true,"href":"https:\/\/xn--cdice-0ta.com\/en\/wp-json\/wp\/v2\/comments?post=126"}],"version-history":[{"count":2,"href":"https:\/\/xn--cdice-0ta.com\/en\/wp-json\/wp\/v2\/pages\/126\/revisions"}],"predecessor-version":[{"id":134,"href":"https:\/\/xn--cdice-0ta.com\/en\/wp-json\/wp\/v2\/pages\/126\/revisions\/134"}],"wp:attachment":[{"href":"https:\/\/xn--cdice-0ta.com\/en\/wp-json\/wp\/v2\/media?parent=126"}],"curies":[{"name":"wp","href":"https:\/\/api.w.org\/{rel}","templated":true}]}}